{"id":30,"date":"2024-09-13T12:17:03","date_gmt":"2024-09-13T12:17:03","guid":{"rendered":"https:\/\/udruga-slijepih-kzz.hr\/?page_id=30"},"modified":"2025-11-07T11:04:10","modified_gmt":"2025-11-07T11:04:10","slug":"pocetna-stranica","status":"publish","type":"page","link":"https:\/\/udruga-slijepih-kzz.hr\/","title":{"rendered":"Po\u010detna stranica"},"content":{"rendered":"\t\t<div data-elementor-type=\"wp-page\" data-elementor-id=\"30\" class=\"elementor elementor-30\">\n\t\t\t\t<div class=\"elementor-element elementor-element-f469fef e-grid e-con-boxed e-con e-parent\" data-id=\"f469fef\" data-element_type=\"container\">\n\t\t\t\t\t<div class=\"e-con-inner\">\n\t\t\t\t<div class=\"elementor-element elementor-element-af7c268 elementor-widget elementor-widget-text-editor\" data-id=\"af7c268\" data-element_type=\"widget\" data-widget_type=\"text-editor.default\">\n\t\t\t\t<div class=\"elementor-widget-container\">\n\t\t\t\t\t\t\t<p><b>Brailleovo pismo<\/b>\u00a0[braj~]\u00a0<b>(brajica),<\/b>\u00a0sustav pisma za slijepe \u0161to ga je 1829. stvorio Francuz\u00a0<i>Louis Braille<\/i>\u00a0(1809\u201352). Upotrebljava se \u0161est izbo\u010denih to\u010dkica, u shemi od po tri to\u010dkice u dva okomita reda, a s pomo\u0107u njih mogu se dobiti 63 znaka. Samostalno su prepoznatljiva 32 znaka, a 31 znak mo\u017ee se prepoznati samo uz koji drugi znak ili eliminacijom s pomo\u0107u pravila o upotrebi znakova. Velika slova i brojevi dobivaju se s pomo\u0107u predznaka i malih slova. Braille je izumio i glazbene znakove. Slijepi \u010ditaju pipaju\u0107i prstima obiju ruku slijeva nadesno, a pi\u0161u na ja\u010dem papiru posebnim pisa\u0107im priborom po\u010dinju\u0107i od desna nalijevo.<\/p>\t\t\t\t\t\t<\/div>\n\t\t\t\t<\/div>\n\t\t\t\t<div class=\"elementor-element elementor-element-539875c elementor-widget elementor-widget-image\" data-id=\"539875c\" data-element_type=\"widget\" data-widget_type=\"image.default\">\n\t\t\t\t<div class=\"elementor-widget-container\">\n\t\t\t\t\t\t\t\t\t\t\t\t\t<img fetchpriority=\"high\" decoding=\"async\" width=\"350\" height=\"600\" src=\"https:\/\/udruga-slijepih-kzz.hr\/wp-content\/uploads\/2024\/09\/BrailleovoPISMO1.jpg\" class=\"attachment-large size-large wp-image-32\" alt=\"\" srcset=\"https:\/\/udruga-slijepih-kzz.hr\/wp-content\/uploads\/2024\/09\/BrailleovoPISMO1.jpg 350w, https:\/\/udruga-slijepih-kzz.hr\/wp-content\/uploads\/2024\/09\/BrailleovoPISMO1-175x300.jpg 175w\" sizes=\"(max-width: 350px) 100vw, 350px\" \/>\t\t\t\t\t\t\t\t\t\t\t\t\t<\/div>\n\t\t\t\t<\/div>\n\t\t\t\t\t<\/div>\n\t\t\t\t<\/div>\n\t\t<div class=\"elementor-element elementor-element-7331831 e-flex e-con-boxed e-con e-parent\" data-id=\"7331831\" data-element_type=\"container\">\n\t\t\t\t\t<div class=\"e-con-inner\">\n\t\t\t\t<div class=\"elementor-element elementor-element-62f3244 elementor-widget elementor-widget-heading\" data-id=\"62f3244\" data-element_type=\"widget\" data-widget_type=\"heading.default\">\n\t\t\t\t<div class=\"elementor-widget-container\">\n\t\t\t<h2 class=\"elementor-heading-title elementor-size-default\">Igranje pikada u udruzi i Narodna Knji\u017enica Hum na Sutli<\/h2>\t\t<\/div>\n\t\t\t\t<\/div>\n\t\t\t\t<div class=\"elementor-element elementor-element-7e2d123 elementor-widget elementor-widget-image-gallery\" data-id=\"7e2d123\" data-element_type=\"widget\" data-widget_type=\"image-gallery.default\">\n\t\t\t\t<div class=\"elementor-widget-container\">\n\t\t\t\t\t<div class=\"elementor-image-gallery\">\n\t\t\t<div id=\"kad-wp-gallery77\" class=\"kad-wp-gallery kad-light-wp-gallery clearfix kt-gallery-column-4 rowtight\"><div class=\"tcol-lg-3 tcol-md-3 tcol-sm-4 tcol-xs-6 tcol-ss-12 g_item\"><div class=\"grid_item kad_gallery_fade_in gallery_item\"><a href=\"https:\/\/udruga-slijepih-kzz.hr\/wp-content\/uploads\/2025\/11\/igra-pikada-u-udruzi-30.10.25_.jpg\" data-rel=\"lightbox\" class=\"lightboxhover\"><img decoding=\"async\" src=\"https:\/\/udruga-slijepih-kzz.hr\/wp-content\/uploads\/2025\/11\/igra-pikada-u-udruzi-30.10.25_-300x300.jpg\" width=\"300\" height=\"300\" alt=\"1\" srcset=\"https:\/\/udruga-slijepih-kzz.hr\/wp-content\/uploads\/2025\/11\/igra-pikada-u-udruzi-30.10.25_-300x300.jpg 300w, https:\/\/udruga-slijepih-kzz.hr\/wp-content\/uploads\/2025\/11\/igra-pikada-u-udruzi-30.10.25_-150x150.jpg 150w, https:\/\/udruga-slijepih-kzz.hr\/wp-content\/uploads\/2025\/11\/igra-pikada-u-udruzi-30.10.25_-600x600.jpg 600w\" sizes=\"(max-width: 300px) 100vw, 300px\" class=\"light-dropshaddow\"\/><\/a><\/div><\/div><div class=\"tcol-lg-3 tcol-md-3 tcol-sm-4 tcol-xs-6 tcol-ss-12 g_item\"><div class=\"grid_item kad_gallery_fade_in gallery_item\"><a href=\"https:\/\/udruga-slijepih-kzz.hr\/wp-content\/uploads\/2025\/11\/Narodna-knjiznica-slika-2.jpeg\" data-rel=\"lightbox\" class=\"lightboxhover\"><img decoding=\"async\" src=\"https:\/\/udruga-slijepih-kzz.hr\/wp-content\/uploads\/2025\/11\/Narodna-knjiznica-slika-2-300x300.jpeg\" width=\"300\" height=\"300\" alt=\"2\" srcset=\"https:\/\/udruga-slijepih-kzz.hr\/wp-content\/uploads\/2025\/11\/Narodna-knjiznica-slika-2-300x300.jpeg 300w, https:\/\/udruga-slijepih-kzz.hr\/wp-content\/uploads\/2025\/11\/Narodna-knjiznica-slika-2-150x150.jpeg 150w\" sizes=\"(max-width: 300px) 100vw, 300px\" class=\"light-dropshaddow\"\/><\/a><\/div><\/div><div class=\"tcol-lg-3 tcol-md-3 tcol-sm-4 tcol-xs-6 tcol-ss-12 g_item\"><div class=\"grid_item kad_gallery_fade_in gallery_item\"><a href=\"https:\/\/udruga-slijepih-kzz.hr\/wp-content\/uploads\/2025\/11\/Narodna-knjiznica-slika-3-scaled.jpeg\" data-rel=\"lightbox\" class=\"lightboxhover\"><img loading=\"lazy\" decoding=\"async\" src=\"https:\/\/udruga-slijepih-kzz.hr\/wp-content\/uploads\/2025\/11\/Narodna-knjiznica-slika-3-scaled-300x300.jpeg\" width=\"300\" height=\"300\" alt=\"3\" srcset=\"https:\/\/udruga-slijepih-kzz.hr\/wp-content\/uploads\/2025\/11\/Narodna-knjiznica-slika-3-scaled-300x300.jpeg 300w, https:\/\/udruga-slijepih-kzz.hr\/wp-content\/uploads\/2025\/11\/Narodna-knjiznica-slika-3-150x150.jpeg 150w, https:\/\/udruga-slijepih-kzz.hr\/wp-content\/uploads\/2025\/11\/Narodna-knjiznica-slika-3-scaled-600x600.jpeg 600w\" sizes=\"(max-width: 300px) 100vw, 300px\" class=\"light-dropshaddow\"\/><\/a><\/div><\/div><div class=\"tcol-lg-3 tcol-md-3 tcol-sm-4 tcol-xs-6 tcol-ss-12 g_item\"><div class=\"grid_item kad_gallery_fade_in gallery_item\"><a href=\"https:\/\/udruga-slijepih-kzz.hr\/wp-content\/uploads\/2025\/11\/Narodna-knjiznica-Hum-na-Sutli.jpeg\" data-rel=\"lightbox\" class=\"lightboxhover\"><img loading=\"lazy\" decoding=\"async\" src=\"https:\/\/udruga-slijepih-kzz.hr\/wp-content\/uploads\/2025\/11\/Narodna-knjiznica-Hum-na-Sutli-300x300.jpeg\" width=\"300\" height=\"300\" alt=\"4\" srcset=\"https:\/\/udruga-slijepih-kzz.hr\/wp-content\/uploads\/2025\/11\/Narodna-knjiznica-Hum-na-Sutli-300x300.jpeg 300w, https:\/\/udruga-slijepih-kzz.hr\/wp-content\/uploads\/2025\/11\/Narodna-knjiznica-Hum-na-Sutli-150x150.jpeg 150w\" sizes=\"(max-width: 300px) 100vw, 300px\" class=\"light-dropshaddow\"\/><\/a><\/div><\/div><\/div>\t\t<\/div>\n\t\t\t\t<\/div>\n\t\t\t\t<\/div>\n\t\t\t\t\t<\/div>\n\t\t\t\t<\/div>\n\t\t\t\t<\/div>\n\t\t","protected":false},"excerpt":{"rendered":"<p>Brailleovo pismo\u00a0[braj~]\u00a0(brajica),\u00a0sustav pisma za slijepe \u0161to ga je 1829. stvorio Francuz\u00a0Louis Braille\u00a0(1809\u201352). Upotrebljava se \u0161est izbo\u010denih to\u010dkica, u shemi od po tri to\u010dkice u dva okomita reda, a s pomo\u0107u njih mogu se dobiti 63 znaka. Samostalno su prepoznatljiva 32 &hellip; <a href=\"https:\/\/udruga-slijepih-kzz.hr\/\">pro\u010ditajte vi\u0161e<\/a><\/p>\n","protected":false},"author":1,"featured_media":0,"parent":0,"menu_order":0,"comment_status":"closed","ping_status":"closed","template":"","meta":{"footnotes":""},"class_list":["post-30","page","type-page","status-publish","hentry"],"_links":{"self":[{"href":"https:\/\/udruga-slijepih-kzz.hr\/index.php?rest_route=\/wp\/v2\/pages\/30","targetHints":{"allow":["GET"]}}],"collection":[{"href":"https:\/\/udruga-slijepih-kzz.hr\/index.php?rest_route=\/wp\/v2\/pages"}],"about":[{"href":"https:\/\/udruga-slijepih-kzz.hr\/index.php?rest_route=\/wp\/v2\/types\/page"}],"author":[{"embeddable":true,"href":"https:\/\/udruga-slijepih-kzz.hr\/index.php?rest_route=\/wp\/v2\/users\/1"}],"replies":[{"embeddable":true,"href":"https:\/\/udruga-slijepih-kzz.hr\/index.php?rest_route=%2Fwp%2Fv2%2Fcomments&post=30"}],"version-history":[{"count":7,"href":"https:\/\/udruga-slijepih-kzz.hr\/index.php?rest_route=\/wp\/v2\/pages\/30\/revisions"}],"predecessor-version":[{"id":130,"href":"https:\/\/udruga-slijepih-kzz.hr\/index.php?rest_route=\/wp\/v2\/pages\/30\/revisions\/130"}],"wp:attachment":[{"href":"https:\/\/udruga-slijepih-kzz.hr\/index.php?rest_route=%2Fwp%2Fv2%2Fmedia&parent=30"}],"curies":[{"name":"wp","href":"https:\/\/api.w.org\/{rel}","templated":true}]}}